{"id":779,"date":"2024-04-22T15:39:53","date_gmt":"2024-04-22T13:39:53","guid":{"rendered":"https:\/\/sportingclubdelfino.com\/?page_id=779"},"modified":"2024-04-22T15:47:09","modified_gmt":"2024-04-22T13:47:09","slug":"bozza-automatica","status":"publish","type":"page","link":"https:\/\/sportingclubdelfino.com\/?page_id=779","title":{"rendered":"Bozza automatica"},"content":{"rendered":"<p class=\"p1\"><b>REGOLAMENTO<\/b><b> <\/b><span class=\"s2\"><b>PISCINA<\/b><\/span><\/p>\n<p class=\"p2\">L&#8217;osservanza del regolamento \u00e8 vincolante per tutti gli iscritti della <span class=\"s2\">Piscina<\/span><\/p>\n<p class=\"p3\"><b>INFORMAZIONI<\/b><b> <\/b><span class=\"s2\"><b>GENERALI<\/b><\/span><\/p>\n<ol class=\"ol1\">\n<li class=\"li4\">La Direzione della Piscina ha piena discrezionalit\u00e0 in merito ai corsi, orari e a spostamenti che ritiene necessari per il buon andamento della didattica.<\/li>\n<li class=\"li5\">Il tesseramento annuale ha validit\u00e0 dal mese di ottobre al mese di luglio del successivo<span class=\"s2\"> anno.<\/span><\/li>\n<li class=\"li4\">Per la frequenza alle attivit\u00e0 in piscina \u00e8 <span class=\"s6\">obbligatorio presentare un Certificato Medico di idoneit\u00e0<\/span> <span class=\"s6\">alla pratica<\/span> <span class=\"s6\">sportiva<\/span> <span class=\"s6\">non<\/span> <span class=\"s6\">agonistica, <\/span>come previsto dal Decreto del Ministro della Salute del 24\/04\/2013. Tutti coloro privi del certificato<span class=\"s2\"> medico, in ottemperanza alla legge, <\/span>non potranno<span class=\"s2\"> accedere <\/span>in piscina.<\/li>\n<li class=\"li6\">L\u2019impianto rimarr\u00e0 chiuso durante le feste previste dal calendario. Per le festivit\u00e0 natalizie la piscina chiuder\u00e0 dal 24 dicembre al 1 gennaio; per le festivit\u00e0 pasquali dal venerd\u00ec Santo al luned\u00ec dell\u2019Angelo. Le lezioni perse in tal caso verranno recuperate con attivit\u00e0 e giornate straordinarie.<\/li>\n<li class=\"li6\">In caso di inagibilit\u00e0 dell\u2019impianto, dipendente da guasti, manutenzioni, disposizioni sanitarie, non sono ammessi rimborsi in denaro; le lezioni saranno recuperate a discrezione della Direzione.<\/li>\n<\/ol>\n<p class=\"p8\"><b>NORME<\/b><b> <\/b><b>IGIENICHE<\/b><b> <\/b><b>E<\/b><b> <\/b><b>DI<\/b><span class=\"s2\"><b> SICUREZZA<\/b><\/span><\/p>\n<ol class=\"ol1\">\n<li class=\"li4\">L\u2019accesso agli spogliatoi \u00e8 consentito solo 10 minuti prima dell\u2019inizio della lezione. Per evitare il sovraffollamento degli spogliatoi \u00e8 ammesso un solo accompagnatore a bambino Il quale dovr\u00e0 munirsi di ciabatte o sovra scarpe all\u2019interno del vano docce.<\/li>\n<li class=\"li9\">E\u2019 severamente vietato entrare in acqua prima dell\u2019arrivo <span class=\"s2\">dell\u2019istruttore.<\/span><\/li>\n<li class=\"li4\">\u00c8 obbligatorio: fare la doccia prima di entrare in acqua, l\u2019uso della cuffia per tutte le attivit\u00e0 e l\u2019uso di ciabatte apposite per la piscina.<\/li>\n<li class=\"li4\">I soci adulti hanno a disposizione una propria zona dove cambiarsi. E\u2019 tassativamente vietato fare la doccia senza il costume in presenza di bambini.<\/li>\n<li class=\"li9\">\u00c8 severamente vietato mangiare negli spogliatoi e introdurre bottigliette di <span class=\"s2\">vetro.<\/span><\/li>\n<li class=\"li10\">A disposizione dei soci sono sistemate all\u2019ingresso delle cassette portavalori. <span class=\"s6\">La<\/span> <span class=\"s6\">Societ\u00e0<\/span> <span class=\"s6\">non<\/span> <span class=\"s6\">risponde<\/span> <span class=\"s6\">di<\/span> <span class=\"s6\">oggetti<\/span> <span class=\"s6\">o valori lasciati incustoditi all\u2019interno della struttura<\/span><\/li>\n<\/ol>\n<p class=\"p12\"><b>RECUPERO<\/b><b> <\/b><span class=\"s2\"><b>LEZIONI<\/b><\/span><\/p>\n<ol class=\"ol1\">\n<li class=\"li5\"><span class=\"s6\">Il<\/span> <span class=\"s6\">recupero<\/span> <span class=\"s6\">\u00e8<\/span> <span class=\"s6\">nominale<\/span>, verr\u00e0 concordato con la segreteria in base alle disponibilit\u00e0 dei corsi e dovr\u00e0 essere utilizzato improrogabilmente entro la fine del quadrimestre.<\/li>\n<\/ol>\n<p class=\"p8\">La Direzione riconosce la possibilit\u00e0 di <span class=\"s6\"><b>recuperare<\/b><\/span><b> <\/b><span class=\"s6\"><b>il<\/b><\/span><b> <\/b><span class=\"s6\"><b>50%<\/b><\/span><b> <\/b><span class=\"s6\"><b>delle<\/b><\/span><b> <\/b><span class=\"s6\"><b>lezioni<\/b><\/span><b> <\/b><span class=\"s6\">perse<\/span> <span class=\"s6\">solo<\/span> <span class=\"s6\">causa<\/span> <span class=\"s6\">malattia<\/span> nelle seguenti <span class=\"s2\">modalit\u00e0:<\/span><\/p>\n<ol class=\"ol1\">\n<li style=\"list-style-type: none;\">\n<ul class=\"ul1\">\n<li class=\"li4\">per i <b>corsi<\/b><b> <\/b><b>bisettimanali<\/b><b> <\/b>di Scuola Nuoto Bambini, Scuola Nuoto Adulti e Acquafitness le lezioni potranno essere recuperate solo dopo <b>quattro assenze <\/b>consecutive. Per la scuola nuoto il recupero sar\u00e0 concordato in base alla disponibilit\u00e0 dei corsi, per l\u2019acquafitness invece il recupero \u00e8 previsto nel giorno dedicato se previsto o in base alla disponibilit\u00e0 dei corsi<\/li>\n<li class=\"li13\">pericorsi<b>monosettimanali<\/b><b> <\/b>di Scuola Nuoto e Acquafitness, le lezioni potranno essere recuperate<span class=\"s4\"> dopo<\/span><\/li>\n<\/ul>\n<\/li>\n<\/ol>\n<p class=\"p14\"><b>due<\/b><b> <\/b><b>assenze<\/b><span class=\"s2\"><b> <\/b>consecutive.<\/span><\/p>\n<ol class=\"ol1\">\n<li style=\"list-style-type: none;\">\n<ul class=\"ul1\">\n<li class=\"li5\"><b>per<\/b><b> <\/b><b>il<\/b><b> <\/b><b>nuoto<\/b><b> <\/b><b>controllato<\/b><b> <\/b><b>non<\/b><b> <\/b><b>sono<\/b><b> <\/b><b>previsti<\/b><span class=\"s2\"><b> recuperi<\/b><\/span><\/li>\n<li class=\"li13\">non sono previsti recuperi nei corsi di giugno e<span class=\"s2\"> luglio<\/span><\/li>\n<li class=\"li4\">\u00e8 obbligatorio rispettare il turno di appartenenza, pertanto non sono ammesse richieste di cambi turno occasionali (n\u00e9 di giorno n\u00e9 di orario)<\/li>\n<li class=\"li15\"><b>Per<\/b><b> <\/b><b>le<\/b><b> <\/b><b>lezioni<\/b><b> <\/b><b>individuali<\/b>, su un ciclo di 8 lezioni sono previste 2 lezioni di assenza, la terza verr\u00e0 conteggiata; le assenze devono essere comunicate con un preavviso di almeno 4 ore, altrimenti verranno comunque conteggiate.<\/li>\n<\/ul>\n<\/li>\n<\/ol>\n<p class=\"p12\"><b>RINUNCIA<\/b><b> <\/b><b>AI<\/b><b> <\/b><span class=\"s2\"><b>CORSI<\/b><\/span><\/p>\n<ol class=\"ol1\">\n<li class=\"li6\">In caso di <span class=\"s6\">rinuncia<\/span> <span class=\"s6\">ai<\/span> <span class=\"s6\">corsi<\/span> <span class=\"s6\">non<\/span> <span class=\"s6\">sono<\/span> <span class=\"s6\">previsti<\/span> <span class=\"s6\">rimborsi<\/span> <span class=\"s6\">in<\/span> <span class=\"s6\">denaro<\/span>. Non saranno rimborsate somme a titolo di lezioni non frequentate, n\u00e9 a titolo di tesseramento, n\u00e9 a titolo di acconto.<\/li>\n<\/ol>\n<p class=\"p16\">Verranno prese in considerazione richieste di rimborso solo causa malattia o infortunio alle seguenti<span class=\"s2\"> condizioni:<\/span><\/p>\n<ol class=\"ol1\">\n<li style=\"list-style-type: none;\">\n<ul class=\"ul1\">\n<li class=\"li17\">presentazione di un certificato <span class=\"s2\">medico<\/span><\/li>\n<li class=\"li18\">comunicazione di rinuncia antecedente l\u2019inizio dei <span class=\"s2\">corsi<\/span><\/li>\n<\/ul>\n<\/li>\n<\/ol>\n<p class=\"p19\">E ove lo si riterr\u00e0 opportuno, verr\u00e0 rilasciato un buono nominale del valore parziale delle lezioni non frequentate. Per coloro che hanno effettuato la formula rateale di pagamento, questa viene intesa come un frazionamento della quota quadrimestrale, pertanto, la sospensione del corso non comporta l\u2019interruzione del pagamento.<\/p>\n<p class=\"p21\"><b>PER<\/b><b> <\/b><b>OGNI<\/b><b> <\/b><b>SUGGERIMENTO<\/b><b> <\/b><b>O<\/b><b> <\/b><b>RECLAMO<\/b><b> <\/b><b>SI<\/b><b> <\/b><b>\u00c8<\/b><b> <\/b><b>PREGATI<\/b><b> <\/b><b>DI<\/b><b> <\/b><b>RIVOLGERSI<\/b><b> <\/b><b>AL<\/b><b> <\/b><b>DIRETTORE<\/b><b> <\/b><span class=\"s2\"><b>TECNICO<\/b><\/span><\/p>\n","protected":false},"excerpt":{"rendered":"<p>REGOLAMENTO PISCINA L&#8217;osservanza del regolamento \u00e8 vincolante per tutti gli iscritti della Piscina INFORMAZIONI GENERALI La Direzione della Piscina ha piena discrezionalit\u00e0 in merito ai corsi, orari e a spostamenti che ritiene necessari per il buon andamento della didattica. Il tesseramento annuale ha validit\u00e0 dal mese di ottobre al mese di luglio del successivo anno. [&#8230;]\n","protected":false},"author":1,"featured_media":0,"parent":0,"menu_order":0,"comment_status":"closed","ping_status":"closed","template":"","meta":{"footnotes":""},"yoast_head":"<!-- This site is optimized with the Yoast SEO plugin v22.3 - https:\/\/yoast.com\/wordpress\/plugins\/seo\/ -->\n<title>Bozza automatica - Sporting Club Delfino<\/title>\n<meta name=\"robots\" content=\"index, follow, max-snippet:-1, max-image-preview:large, max-video-preview:-1\" \/>\n<link rel=\"canonical\" href=\"https:\/\/sportingclubdelfino.com\/?page_id=779\" \/>\n<meta property=\"og:locale\" content=\"en_US\" \/>\n<meta property=\"og:type\" content=\"article\" \/>\n<meta property=\"og:title\" content=\"Bozza automatica - Sporting Club Delfino\" \/>\n<meta property=\"og:description\" content=\"REGOLAMENTO PISCINA L&#8217;osservanza del regolamento \u00e8 vincolante per tutti gli iscritti della Piscina INFORMAZIONI GENERALI La Direzione della Piscina ha piena discrezionalit\u00e0 in merito ai corsi, orari e a spostamenti che ritiene necessari per il buon andamento della didattica. Il tesseramento annuale ha validit\u00e0 dal mese di ottobre al mese di luglio del successivo anno. [...]\" \/>\n<meta property=\"og:url\" content=\"https:\/\/sportingclubdelfino.com\/?page_id=779\" \/>\n<meta property=\"og:site_name\" content=\"Sporting Club Delfino\" \/>\n<meta property=\"article:modified_time\" content=\"2024-04-22T13:47:09+00:00\" \/>\n<meta name=\"twitter:card\" content=\"summary_large_image\" \/>\n<meta name=\"twitter:label1\" content=\"Est. reading time\" \/>\n\t<meta name=\"twitter:data1\" content=\"3 minutes\" \/>\n<script type=\"application\/ld+json\" class=\"yoast-schema-graph\">{\"@context\":\"https:\/\/schema.org\",\"@graph\":[{\"@type\":\"WebPage\",\"@id\":\"https:\/\/sportingclubdelfino.com\/?page_id=779\",\"url\":\"https:\/\/sportingclubdelfino.com\/?page_id=779\",\"name\":\"Bozza automatica - Sporting Club Delfino\",\"isPartOf\":{\"@id\":\"https:\/\/sportingclubdelfino.com\/#website\"},\"datePublished\":\"2024-04-22T13:39:53+00:00\",\"dateModified\":\"2024-04-22T13:47:09+00:00\",\"breadcrumb\":{\"@id\":\"https:\/\/sportingclubdelfino.com\/?page_id=779#breadcrumb\"},\"inLanguage\":\"en-US\",\"potentialAction\":[{\"@type\":\"ReadAction\",\"target\":[\"https:\/\/sportingclubdelfino.com\/?page_id=779\"]}]},{\"@type\":\"BreadcrumbList\",\"@id\":\"https:\/\/sportingclubdelfino.com\/?page_id=779#breadcrumb\",\"itemListElement\":[{\"@type\":\"ListItem\",\"position\":1,\"name\":\"Home\",\"item\":\"https:\/\/sportingclubdelfino.com\/\"},{\"@type\":\"ListItem\",\"position\":2,\"name\":\"Bozza automatica\"}]},{\"@type\":\"WebSite\",\"@id\":\"https:\/\/sportingclubdelfino.com\/#website\",\"url\":\"https:\/\/sportingclubdelfino.com\/\",\"name\":\"Sporting Club Delfino\",\"description\":\"Piscina Delfino\",\"publisher\":{\"@id\":\"https:\/\/sportingclubdelfino.com\/#organization\"},\"potentialAction\":[{\"@type\":\"SearchAction\",\"target\":{\"@type\":\"EntryPoint\",\"urlTemplate\":\"https:\/\/sportingclubdelfino.com\/?s={search_term_string}\"},\"query-input\":\"required name=search_term_string\"}],\"inLanguage\":\"en-US\"},{\"@type\":\"Organization\",\"@id\":\"https:\/\/sportingclubdelfino.com\/#organization\",\"name\":\"Sporting Club Delfino\",\"url\":\"https:\/\/sportingclubdelfino.com\/\",\"logo\":{\"@type\":\"ImageObject\",\"inLanguage\":\"en-US\",\"@id\":\"https:\/\/sportingclubdelfino.com\/#\/schema\/logo\/image\/\",\"url\":\"https:\/\/sportingclubdelfino.com\/wp-content\/uploads\/2024\/03\/Logo_Delfino.svg\",\"contentUrl\":\"https:\/\/sportingclubdelfino.com\/wp-content\/uploads\/2024\/03\/Logo_Delfino.svg\",\"width\":1,\"height\":1,\"caption\":\"Sporting Club Delfino\"},\"image\":{\"@id\":\"https:\/\/sportingclubdelfino.com\/#\/schema\/logo\/image\/\"}}]}<\/script>\n<!-- \/ Yoast SEO plugin. -->","yoast_head_json":{"title":"Bozza automatica - Sporting Club Delfino","robots":{"index":"index","follow":"follow","max-snippet":"max-snippet:-1","max-image-preview":"max-image-preview:large","max-video-preview":"max-video-preview:-1"},"canonical":"https:\/\/sportingclubdelfino.com\/?page_id=779","og_locale":"en_US","og_type":"article","og_title":"Bozza automatica - Sporting Club Delfino","og_description":"REGOLAMENTO PISCINA L&#8217;osservanza del regolamento \u00e8 vincolante per tutti gli iscritti della Piscina INFORMAZIONI GENERALI La Direzione della Piscina ha piena discrezionalit\u00e0 in merito ai corsi, orari e a spostamenti che ritiene necessari per il buon andamento della didattica. Il tesseramento annuale ha validit\u00e0 dal mese di ottobre al mese di luglio del successivo anno. [...]","og_url":"https:\/\/sportingclubdelfino.com\/?page_id=779","og_site_name":"Sporting Club Delfino","article_modified_time":"2024-04-22T13:47:09+00:00","twitter_card":"summary_large_image","twitter_misc":{"Est. reading time":"3 minutes"},"schema":{"@context":"https:\/\/schema.org","@graph":[{"@type":"WebPage","@id":"https:\/\/sportingclubdelfino.com\/?page_id=779","url":"https:\/\/sportingclubdelfino.com\/?page_id=779","name":"Bozza automatica - Sporting Club Delfino","isPartOf":{"@id":"https:\/\/sportingclubdelfino.com\/#website"},"datePublished":"2024-04-22T13:39:53+00:00","dateModified":"2024-04-22T13:47:09+00:00","breadcrumb":{"@id":"https:\/\/sportingclubdelfino.com\/?page_id=779#breadcrumb"},"inLanguage":"en-US","potentialAction":[{"@type":"ReadAction","target":["https:\/\/sportingclubdelfino.com\/?page_id=779"]}]},{"@type":"BreadcrumbList","@id":"https:\/\/sportingclubdelfino.com\/?page_id=779#breadcrumb","itemListElement":[{"@type":"ListItem","position":1,"name":"Home","item":"https:\/\/sportingclubdelfino.com\/"},{"@type":"ListItem","position":2,"name":"Bozza automatica"}]},{"@type":"WebSite","@id":"https:\/\/sportingclubdelfino.com\/#website","url":"https:\/\/sportingclubdelfino.com\/","name":"Sporting Club Delfino","description":"Piscina Delfino","publisher":{"@id":"https:\/\/sportingclubdelfino.com\/#organization"},"potentialAction":[{"@type":"SearchAction","target":{"@type":"EntryPoint","urlTemplate":"https:\/\/sportingclubdelfino.com\/?s={search_term_string}"},"query-input":"required name=search_term_string"}],"inLanguage":"en-US"},{"@type":"Organization","@id":"https:\/\/sportingclubdelfino.com\/#organization","name":"Sporting Club Delfino","url":"https:\/\/sportingclubdelfino.com\/","logo":{"@type":"ImageObject","inLanguage":"en-US","@id":"https:\/\/sportingclubdelfino.com\/#\/schema\/logo\/image\/","url":"https:\/\/sportingclubdelfino.com\/wp-content\/uploads\/2024\/03\/Logo_Delfino.svg","contentUrl":"https:\/\/sportingclubdelfino.com\/wp-content\/uploads\/2024\/03\/Logo_Delfino.svg","width":1,"height":1,"caption":"Sporting Club Delfino"},"image":{"@id":"https:\/\/sportingclubdelfino.com\/#\/schema\/logo\/image\/"}}]}},"_links":{"self":[{"href":"https:\/\/sportingclubdelfino.com\/index.php?rest_route=\/wp\/v2\/pages\/779"}],"collection":[{"href":"https:\/\/sportingclubdelfino.com\/index.php?rest_route=\/wp\/v2\/pages"}],"about":[{"href":"https:\/\/sportingclubdelfino.com\/index.php?rest_route=\/wp\/v2\/types\/page"}],"author":[{"embeddable":true,"href":"https:\/\/sportingclubdelfino.com\/index.php?rest_route=\/wp\/v2\/users\/1"}],"replies":[{"embeddable":true,"href":"https:\/\/sportingclubdelfino.com\/index.php?rest_route=%2Fwp%2Fv2%2Fcomments&post=779"}],"version-history":[{"count":1,"href":"https:\/\/sportingclubdelfino.com\/index.php?rest_route=\/wp\/v2\/pages\/779\/revisions"}],"predecessor-version":[{"id":780,"href":"https:\/\/sportingclubdelfino.com\/index.php?rest_route=\/wp\/v2\/pages\/779\/revisions\/780"}],"wp:attachment":[{"href":"https:\/\/sportingclubdelfino.com\/index.php?rest_route=%2Fwp%2Fv2%2Fmedia&parent=779"}],"curies":[{"name":"wp","href":"https:\/\/api.w.org\/{rel}","templated":true}]}}